{"id":2097,"date":"2020-06-06T11:07:50","date_gmt":"2021-12-05T14:40:47","guid":{"rendered":"https:\/\/treesofremembrance.com\/product\/arbre-de-celebration\/"},"modified":"2021-12-05T09:40:47","modified_gmt":"2021-12-05T14:40:47","slug":"arbre-de-celebration","status":"publish","type":"product","link":"https:\/\/treesofremembrance.com\/fr\/produit\/arbre-de-celebration\/","title":{"rendered":"Arbre de Celebration"},"content":{"rendered":"<p>Un arbre de C\u00e9l\u00e9bration, c\u2019est la fa\u00e7on parfaite d\u2019honorer une personne sp\u00e9ciale de votre vie. C\u2019est un cadeau qui offre quelque chose \u00e0 la communaut\u00e9 au sein de laquelle nous vivons tout en la rendant plus propre et plus verte.<\/p>\n<p><strong>Chaque arbre comprend:<\/strong><\/p>\n<ul>\n<li>Une carte personnalis\u00e9e et un avis de reconnaissance peuvent vous \u00eatre envoy\u00e9s ou peuvent \u00eatre envoy\u00e9es \u2013 en votre nom \u2013 \u00e0 une personne de sorte \u00e0 ce qu\u2019elle soit inform\u00e9e de votre geste.<\/li>\n<li>Un arbre sera plant\u00e9 dans la For\u00eat de l\u2019\u00c9ternit\u00e9 McAlpine, le long du Sentier r\u00e9cr\u00e9atif de Prescott et Russell, dans le canton de Champlain.<\/li>\n<li>Le nom de la personne \u00e0 la m\u00e9moire de laquelle l\u2019arbre est plant\u00e9 sera inscrit de fa\u00e7on permanente au site Web des arbres du Souvenir et votre nom et message personnalis\u00e9 y seront aussi affich\u00e9s.<\/li>\n<\/ul>\n","protected":false},"excerpt":{"rendered":"<p>Achetez un arbre de C\u00e9l\u00e9bration afin d\u2019honorer une personne sp\u00e9ciale.<\/p>\n","protected":false},"featured_media":5249,"comment_status":"closed","ping_status":"closed","template":"","meta":{"rank_math_lock_modified_date":false},"product_cat":[30],"product_tag":[],"class_list":{"0":"post-2097","1":"product","2":"type-product","3":"status-publish","4":"has-post-thumbnail","6":"product_cat-arbres","8":"first","9":"instock","10":"taxable","11":"shipping-taxable","12":"purchasable","13":"product-type-variable"},"exclude_global_add_ons":false,"addons":[{"name":"Arbres Suppl\u00e9mentaires","type":"input_multiplier","position":0,"required":false,"title_format":"label","description_enable":true,"description":"Si vous souhaitez acheter des arbres suppl\u00e9mentaires \u00e0 planter pour ce certificat, veuillez s\u00e9lectionner le nombre ci-dessous. Un suppl\u00e9ment de 10 $ par arbre s'applique.","placeholder_enable":false,"placeholder":"","display":"select","restrictions_type":"any_text","adjust_price":true,"price":"10","price_type":"quantity_based","restrictions":false,"min":0,"max":0,"options":[],"id":1724657019}],"_links":{"self":[{"href":"https:\/\/treesofremembrance.com\/fr\/wp-json\/wp\/v2\/product\/2097"}],"collection":[{"href":"https:\/\/treesofremembrance.com\/fr\/wp-json\/wp\/v2\/product"}],"about":[{"href":"https:\/\/treesofremembrance.com\/fr\/wp-json\/wp\/v2\/types\/product"}],"replies":[{"embeddable":true,"href":"https:\/\/treesofremembrance.com\/fr\/wp-json\/wp\/v2\/comments?post=2097"}],"wp:featuredmedia":[{"embeddable":true,"href":"https:\/\/treesofremembrance.com\/fr\/wp-json\/wp\/v2\/media\/5249"}],"wp:attachment":[{"href":"https:\/\/treesofremembrance.com\/fr\/wp-json\/wp\/v2\/media?parent=2097"}],"wp:term":[{"taxonomy":"product_cat","embeddable":true,"href":"https:\/\/treesofremembrance.com\/fr\/wp-json\/wp\/v2\/product_cat?post=2097"},{"taxonomy":"product_tag","embeddable":true,"href":"https:\/\/treesofremembrance.com\/fr\/wp-json\/wp\/v2\/product_tag?post=2097"}],"curies":[{"name":"wp","href":"https:\/\/api.w.org\/{rel}","templated":true}]}}